{"id":3,"date":"2026-03-14T22:55:03","date_gmt":"2026-03-14T22:55:03","guid":{"rendered":"https:\/\/asmarfragancias.mx\/?page_id=3"},"modified":"2026-04-17T17:48:01","modified_gmt":"2026-04-17T17:48:01","slug":"privacy-policy","status":"publish","type":"page","link":"https:\/\/asmarfragancias.mx\/?page_id=3","title":{"rendered":"Politicas de privacidad"},"content":{"rendered":"\n<h2 class=\"wp-block-heading\">Pol\u00edtica de Privacidad<\/h2>\n\n\n\n<p>En <strong>Asmar Fragancias<\/strong>, valoramos y respetamos tu privacidad. Esta pol\u00edtica describe c\u00f3mo recopilamos, usamos y protegemos tu informaci\u00f3n personal.<\/p>\n\n\n\n<h2 class=\"wp-block-heading\">Comentarios<\/h2>\n\n\n\n<p>Cuando los visitantes dejan comentarios en el sitio, recopilamos los datos que se muestran en el formulario, as\u00ed como la direcci\u00f3n IP y la cadena del agente de usuario del navegador para ayudar a la detecci\u00f3n de spam.<\/p>\n\n\n\n<h2 class=\"wp-block-heading\">Media<\/h2>\n\n\n\n<p>Si subes im\u00e1genes a nuestro sitio web, te recomendamos evitar subir im\u00e1genes que incluyan datos de ubicaci\u00f3n (GPS). Los visitantes del sitio pueden descargar y extraer esa informaci\u00f3n de las im\u00e1genes.<\/p>\n\n\n\n<h2 class=\"wp-block-heading\">Uso de cookies<\/h2>\n\n\n\n<p>Utilizamos cookies para mejorar tu experiencia de navegaci\u00f3n. Puedes aceptar o rechazar su uso desde tu navegador.<\/p>\n\n\n\n<h2 class=\"wp-block-heading\"><strong>Protecci\u00f3n de datos<\/strong><\/h2>\n\n\n\n<p>Tomamos medidas de seguridad adecuadas para proteger tu informaci\u00f3n personal contra accesos no autorizados, alteraciones o divulgaci\u00f3n.<\/p>\n\n\n\n<p><\/p>\n","protected":false},"excerpt":{"rendered":"<p>Pol\u00edtica de Privacidad En Asmar Fragancias, valoramos y respetamos tu privacidad. Esta pol\u00edtica describe c\u00f3mo recopilamos, usamos y protegemos tu informaci\u00f3n personal. Comentarios Cuando los visitantes dejan comentarios en el sitio, recopilamos los datos que se muestran en el formulario, as\u00ed como la direcci\u00f3n IP y la cadena del agente de usuario del navegador para&#8230;<\/p>\n","protected":false},"author":1,"featured_media":0,"parent":0,"menu_order":0,"comment_status":"closed","ping_status":"open","template":"","meta":{"_bst_post_transparent":"","_bst_post_title":"","_bst_post_layout":"","_bst_post_sidebar_id":"","_bst_post_content_style":"","_bst_post_vertical_padding":"","_bst_post_feature":"","_bst_post_feature_position":"","_bst_post_header":false,"_bst_post_footer":false,"footnotes":""},"class_list":["post-3","page","type-page","status-publish","hentry"],"_hostinger_reach_plugin_has_subscription_block":false,"_hostinger_reach_plugin_is_elementor":false,"jetpack_sharing_enabled":true,"_links":{"self":[{"href":"https:\/\/asmarfragancias.mx\/index.php?rest_route=\/wp\/v2\/pages\/3","targetHints":{"allow":["GET"]}}],"collection":[{"href":"https:\/\/asmarfragancias.mx\/index.php?rest_route=\/wp\/v2\/pages"}],"about":[{"href":"https:\/\/asmarfragancias.mx\/index.php?rest_route=\/wp\/v2\/types\/page"}],"author":[{"embeddable":true,"href":"https:\/\/asmarfragancias.mx\/index.php?rest_route=\/wp\/v2\/users\/1"}],"replies":[{"embeddable":true,"href":"https:\/\/asmarfragancias.mx\/index.php?rest_route=%2Fwp%2Fv2%2Fcomments&post=3"}],"version-history":[{"count":1,"href":"https:\/\/asmarfragancias.mx\/index.php?rest_route=\/wp\/v2\/pages\/3\/revisions"}],"predecessor-version":[{"id":1413,"href":"https:\/\/asmarfragancias.mx\/index.php?rest_route=\/wp\/v2\/pages\/3\/revisions\/1413"}],"wp:attachment":[{"href":"https:\/\/asmarfragancias.mx\/index.php?rest_route=%2Fwp%2Fv2%2Fmedia&parent=3"}],"curies":[{"name":"wp","href":"https:\/\/api.w.org\/{rel}","templated":true}]}}